{"id":34,"date":"2023-02-02T14:40:53","date_gmt":"2023-02-02T17:40:53","guid":{"rendered":"https:\/\/www.rodopremium.com.br\/?page_id=34"},"modified":"2025-06-24T14:24:46","modified_gmt":"2025-06-24T17:24:46","slug":"home","status":"publish","type":"page","link":"https:\/\/www.rodopremium.com.br\/","title":{"rendered":"Home"},"content":{"rendered":"\t\t<div data-elementor-type=\"wp-page\" data-elementor-id=\"34\" class=\"elementor elementor-34\">\n\t\t\t\t\t\t\t\t\t<section class=\"elementor-section elementor-top-section elementor-element elementor-element-611bd19 elementor-section-content-middle elementor-section-stretched elementor-section-boxed elementor-section-height-default elementor-section-height-default\" data-id=\"611bd19\" data-element_type=\"section\" data-settings=\"{&quot;stretch_section&quot;:&quot;section-stretched&quot;,&quot;background_background&quot;:&quot;classic&quot;}\">\n\t\t\t\t\t\t<div class=\"elementor-container elementor-column-gap-default\">\n\t\t\t\t\t<div class=\"elementor-column elementor-col-50 elementor-top-column elementor-element elementor-element-690b2bb\" data-id=\"690b2bb\" data-element_type=\"column\">\n\t\t\t<div class=\"elementor-widget-wrap elementor-element-populated\">\n\t\t\t\t\t\t\t\t<div class=\"elementor-element elementor-element-cfdf16e elementor-widget elementor-widget-heading\" data-id=\"cfdf16e\" data-element_type=\"widget\" data-widget_type=\"heading.default\">\n\t\t\t\t<div class=\"elementor-widget-container\">\n\t\t\t<h2 class=\"elementor-heading-title elementor-size-default\">Transporte Rodovi\u00e1rio de Cargas<\/h2>\t\t<\/div>\n\t\t\t\t<\/div>\n\t\t\t\t<div class=\"elementor-element elementor-element-109736a elementor-widget elementor-widget-text-editor\" data-id=\"109736a\" data-element_type=\"widget\" data-widget_type=\"text-editor.default\">\n\t\t\t\t<div class=\"elementor-widget-container\">\n\t\t\t\t\t\t\t<p>O transporte rodovi\u00e1rio nacional demanda conhecimento das normas e leis, de estrutura capaz de atender com excel\u00eancia \u00e0 sua necessidade. A <strong>RODOPREMIUM<\/strong> conta com uma frota moderna, equipe experiente e localiza\u00e7\u00e3o estrat\u00e9gica para atender as demandas em todo territ\u00f3rio nacional. O servi\u00e7o de transporte rodovi\u00e1rio \u00e9 realizado nas modalidades LTL e FCL. Conta ainda com rastreamento em tempo real, follow up preciso e gerenciamento de risco para seguran\u00e7a das suas mercadorias.<\/p>\t\t\t\t\t\t<\/div>\n\t\t\t\t<\/div>\n\t\t\t\t<div class=\"elementor-element elementor-element-84a38e3 elementor-widget elementor-widget-button\" data-id=\"84a38e3\" data-element_type=\"widget\" data-widget_type=\"button.default\">\n\t\t\t\t<div class=\"elementor-widget-container\">\n\t\t\t\t\t<div class=\"elementor-button-wrapper\">\n\t\t\t<a href=\"https:\/\/www.rodopremium.com.br\/?page_id=66\" class=\"elementor-button-link elementor-button elementor-size-sm\" role=\"button\">\n\t\t\t\t\t\t<span class=\"elementor-button-content-wrapper\">\n\t\t\t\t\t\t<span class=\"elementor-button-text\">Saiba Mais<\/span>\n\t\t<\/span>\n\t\t\t\t\t<\/a>\n\t\t<\/div>\n\t\t\t\t<\/div>\n\t\t\t\t<\/div>\n\t\t\t\t\t<\/div>\n\t\t<\/div>\n\t\t\t\t<div class=\"elementor-column elementor-col-50 elementor-top-column elementor-element elementor-element-268b868\" data-id=\"268b868\" data-element_type=\"column\">\n\t\t\t<div class=\"elementor-widget-wrap elementor-element-populated\">\n\t\t\t\t\t\t\t\t<div class=\"elementor-element elementor-element-8e42258 elementor-widget elementor-widget-image\" data-id=\"8e42258\" data-element_type=\"widget\" data-widget_type=\"image.default\">\n\t\t\t\t<div class=\"elementor-widget-container\">\n\t\t\t\t\t\t\t\t\t\t\t\t\t\t\t<img decoding=\"async\" width=\"453\" height=\"375\" src=\"https:\/\/www.rodopremium.com.br\/wp-content\/uploads\/2023\/02\/home-01-1.png\" class=\"attachment-large size-large wp-image-45\" alt=\"\" loading=\"lazy\" srcset=\"https:\/\/www.rodopremium.com.br\/wp-content\/uploads\/2023\/02\/home-01-1.png 453w, https:\/\/www.rodopremium.com.br\/wp-content\/uploads\/2023\/02\/home-01-1-300x248.png 300w\" sizes=\"(max-width: 453px) 100vw, 453px\" \/>\t\t\t\t\t\t\t\t\t\t\t\t\t\t\t<\/div>\n\t\t\t\t<\/div>\n\t\t\t\t\t<\/div>\n\t\t<\/div>\n\t\t\t\t\t\t\t<\/div>\n\t\t<\/section>\n\t\t\t\t<section class=\"elementor-section elementor-top-section elementor-element elementor-element-4037883 elementor-section-boxed elementor-section-height-default elementor-section-height-default\" data-id=\"4037883\" data-element_type=\"section\">\n\t\t\t\t\t\t<div class=\"elementor-container elementor-column-gap-default\">\n\t\t\t\t\t<div class=\"elementor-column elementor-col-50 elementor-top-column elementor-element elementor-element-ed72e0a\" data-id=\"ed72e0a\" data-element_type=\"column\">\n\t\t\t<div class=\"elementor-widget-wrap elementor-element-populated\">\n\t\t\t\t\t\t\t\t<div class=\"elementor-element elementor-element-ec41d0c elementor-widget elementor-widget-image\" data-id=\"ec41d0c\" data-element_type=\"widget\" data-widget_type=\"image.default\">\n\t\t\t\t<div class=\"elementor-widget-container\">\n\t\t\t\t\t\t\t\t\t\t\t\t\t\t\t<img decoding=\"async\" width=\"946\" height=\"783\" src=\"https:\/\/www.rodopremium.com.br\/wp-content\/uploads\/2023\/02\/home-rodopremium.jpg\" class=\"attachment-large size-large wp-image-158\" alt=\"\" loading=\"lazy\" srcset=\"https:\/\/www.rodopremium.com.br\/wp-content\/uploads\/2023\/02\/home-rodopremium.jpg 946w, https:\/\/www.rodopremium.com.br\/wp-content\/uploads\/2023\/02\/home-rodopremium-300x248.jpg 300w, https:\/\/www.rodopremium.com.br\/wp-content\/uploads\/2023\/02\/home-rodopremium-768x636.jpg 768w\" sizes=\"(max-width: 946px) 100vw, 946px\" \/>\t\t\t\t\t\t\t\t\t\t\t\t\t\t\t<\/div>\n\t\t\t\t<\/div>\n\t\t\t\t\t<\/div>\n\t\t<\/div>\n\t\t\t\t<div class=\"elementor-column elementor-col-50 elementor-top-column elementor-element elementor-element-7cca090\" data-id=\"7cca090\" data-element_type=\"column\">\n\t\t\t<div class=\"elementor-widget-wrap elementor-element-populated\">\n\t\t\t\t\t\t\t\t<div class=\"elementor-element elementor-element-66d8cfa elementor-widget elementor-widget-heading\" data-id=\"66d8cfa\" data-element_type=\"widget\" data-widget_type=\"heading.default\">\n\t\t\t\t<div class=\"elementor-widget-container\">\n\t\t\t<h2 class=\"elementor-heading-title elementor-size-default\">Experi\u00eancia e efici\u00eancia\nem todas as dire\u00e7\u00f5es<\/h2>\t\t<\/div>\n\t\t\t\t<\/div>\n\t\t\t\t<div class=\"elementor-element elementor-element-4142857 elementor-widget elementor-widget-text-editor\" data-id=\"4142857\" data-element_type=\"widget\" data-widget_type=\"text-editor.default\">\n\t\t\t\t<div class=\"elementor-widget-container\">\n\t\t\t\t\t\t\t<p>A <strong>RODOPREMIUM<\/strong> est\u00e1 h\u00e1 mais de dez anos no mercado nacional transportando solu\u00e7\u00f5es log\u00edsticas. Com a convic\u00e7\u00e3o que fazemos parte de uma cadeia produtiva onde realizamos um trabalho eficiente na busca constante da excel\u00eancia em todos os processos do transporte rodovi\u00e1rio de cargas.<\/p><p>Priorizamos as rela\u00e7\u00f5es com nossos clientes, parceiros e colaboradores. Agregamos diferenciais competitivos, experi\u00eancia e seguran\u00e7a em todos os nossos servi\u00e7os.<\/p>\t\t\t\t\t\t<\/div>\n\t\t\t\t<\/div>\n\t\t\t\t<div class=\"elementor-element elementor-element-de74e3a elementor-widget elementor-widget-button\" data-id=\"de74e3a\" data-element_type=\"widget\" data-widget_type=\"button.default\">\n\t\t\t\t<div class=\"elementor-widget-container\">\n\t\t\t\t\t<div class=\"elementor-button-wrapper\">\n\t\t\t<a href=\"https:\/\/www.rodopremium.com.br\/?page_id=56\" class=\"elementor-button-link elementor-button elementor-size-sm\" role=\"button\">\n\t\t\t\t\t\t<span class=\"elementor-button-content-wrapper\">\n\t\t\t\t\t\t<span class=\"elementor-button-text\">Conhe\u00e7a a RodoPremium<\/span>\n\t\t<\/span>\n\t\t\t\t\t<\/a>\n\t\t<\/div>\n\t\t\t\t<\/div>\n\t\t\t\t<\/div>\n\t\t\t\t\t<\/div>\n\t\t<\/div>\n\t\t\t\t\t\t\t<\/div>\n\t\t<\/section>\n\t\t\t\t<section class=\"elementor-section elementor-top-section elementor-element elementor-element-55c53dd elementor-section-stretched elementor-section-boxed elementor-section-height-default elementor-section-height-default\" data-id=\"55c53dd\" data-element_type=\"section\" data-settings=\"{&quot;stretch_section&quot;:&quot;section-stretched&quot;,&quot;background_background&quot;:&quot;classic&quot;}\">\n\t\t\t\t\t\t<div class=\"elementor-container elementor-column-gap-default\">\n\t\t\t\t\t<div class=\"elementor-column elementor-col-100 elementor-top-column elementor-element elementor-element-3b91cd5\" data-id=\"3b91cd5\" data-element_type=\"column\">\n\t\t\t<div class=\"elementor-widget-wrap elementor-element-populated\">\n\t\t\t\t\t\t\t\t<div class=\"elementor-element elementor-element-83884f5 elementor-widget elementor-widget-heading\" data-id=\"83884f5\" data-element_type=\"widget\" data-widget_type=\"heading.default\">\n\t\t\t\t<div class=\"elementor-widget-container\">\n\t\t\t<h2 class=\"elementor-heading-title elementor-size-default\">Unidades Operacionais<\/h2>\t\t<\/div>\n\t\t\t\t<\/div>\n\t\t\t\t<div class=\"elementor-element elementor-element-0cdd223 elementor-widget-divider--view-line elementor-widget elementor-widget-divider\" data-id=\"0cdd223\" data-element_type=\"widget\" data-widget_type=\"divider.default\">\n\t\t\t\t<div class=\"elementor-widget-container\">\n\t\t\t\t\t<div class=\"elementor-divider\">\n\t\t\t<span class=\"elementor-divider-separator\">\n\t\t\t\t\t\t<\/span>\n\t\t<\/div>\n\t\t\t\t<\/div>\n\t\t\t\t<\/div>\n\t\t\t\t<section class=\"elementor-section elementor-inner-section elementor-element elementor-element-e298315 elementor-section-boxed elementor-section-height-default elementor-section-height-default\" data-id=\"e298315\" data-element_type=\"section\">\n\t\t\t\t\t\t<div class=\"elementor-container elementor-column-gap-default\">\n\t\t\t\t\t<div class=\"elementor-column elementor-col-50 elementor-inner-column elementor-element elementor-element-f215c90\" data-id=\"f215c90\" data-element_type=\"column\">\n\t\t\t<div class=\"elementor-widget-wrap elementor-element-populated\">\n\t\t\t\t\t\t\t\t<div class=\"elementor-element elementor-element-f58b98a elementor-widget elementor-widget-image\" data-id=\"f58b98a\" data-element_type=\"widget\" data-widget_type=\"image.default\">\n\t\t\t\t<div class=\"elementor-widget-container\">\n\t\t\t\t\t\t\t\t\t\t\t\t\t\t\t<img decoding=\"async\" width=\"251\" height=\"41\" src=\"https:\/\/www.rodopremium.com.br\/wp-content\/uploads\/2023\/02\/home-matriz.png\" class=\"attachment-large size-large wp-image-48\" alt=\"\" loading=\"lazy\" \/>\t\t\t\t\t\t\t\t\t\t\t\t\t\t\t<\/div>\n\t\t\t\t<\/div>\n\t\t\t\t<div class=\"elementor-element elementor-element-7a8aa1f elementor-widget elementor-widget-text-editor\" data-id=\"7a8aa1f\" data-element_type=\"widget\" data-widget_type=\"text-editor.default\">\n\t\t\t\t<div class=\"elementor-widget-container\">\n\t\t\t\t\t\t\t<p>Rua Mariana Ubaldina, 506, conj. 01<br \/>Centro Capetinga\/MG \u2013 CEP: 37993-000<br \/><strong>(35) 3021-8202<\/strong><\/p><p><em>rodopremium@rodopremium.com.br<\/em><\/p>\t\t\t\t\t\t<\/div>\n\t\t\t\t<\/div>\n\t\t\t\t<div class=\"elementor-element elementor-element-3cec6fd elementor-align-center elementor-widget elementor-widget-button\" data-id=\"3cec6fd\" data-element_type=\"widget\" data-widget_type=\"button.default\">\n\t\t\t\t<div class=\"elementor-widget-container\">\n\t\t\t\t\t<div class=\"elementor-button-wrapper\">\n\t\t\t<a href=\"https:\/\/api.whatsapp.com\/send?phone=5535988765337\" target=\"_blank\" class=\"elementor-button-link elementor-button elementor-size-sm\" role=\"button\">\n\t\t\t\t\t\t<span class=\"elementor-button-content-wrapper\">\n\t\t\t\t\t\t\t<span class=\"elementor-button-icon elementor-align-icon-left\">\n\t\t\t\t<i aria-hidden=\"true\" class=\" icomoon-the7-font-whatsapp\"><\/i>\t\t\t<\/span>\n\t\t\t\t\t\t<span class=\"elementor-button-text\">INICIAR COTA\u00c7\u00c3O VIA WHATSAPP<\/span>\n\t\t<\/span>\n\t\t\t\t\t<\/a>\n\t\t<\/div>\n\t\t\t\t<\/div>\n\t\t\t\t<\/div>\n\t\t\t\t\t<\/div>\n\t\t<\/div>\n\t\t\t\t<div class=\"elementor-column elementor-col-50 elementor-inner-column elementor-element elementor-element-6ded793\" data-id=\"6ded793\" data-element_type=\"column\">\n\t\t\t<div class=\"elementor-widget-wrap elementor-element-populated\">\n\t\t\t\t\t\t\t\t<div class=\"elementor-element elementor-element-83c260c elementor-widget elementor-widget-image\" data-id=\"83c260c\" data-element_type=\"widget\" data-widget_type=\"image.default\">\n\t\t\t\t<div class=\"elementor-widget-container\">\n\t\t\t\t\t\t\t\t\t\t\t\t\t\t\t<img decoding=\"async\" width=\"251\" height=\"41\" src=\"https:\/\/www.rodopremium.com.br\/wp-content\/uploads\/2023\/02\/home-filial.png\" class=\"attachment-large size-large wp-image-49\" alt=\"\" loading=\"lazy\" \/>\t\t\t\t\t\t\t\t\t\t\t\t\t\t\t<\/div>\n\t\t\t\t<\/div>\n\t\t\t\t<div class=\"elementor-element elementor-element-7bd7479 elementor-widget elementor-widget-text-editor\" data-id=\"7bd7479\" data-element_type=\"widget\" data-widget_type=\"text-editor.default\">\n\t\t\t\t<div class=\"elementor-widget-container\">\n\t\t\t\t\t\t\t<p>R. Otilia da Cruz Ruivo, 100 &#8211; Parque Sao Luis<br \/>Cubat\u00e3o &#8211; SP, 11533-320<br \/><strong>(35) 3021-8202<\/strong><\/p><p><em>financeiro@rodopremium.com.br<\/em><\/p>\t\t\t\t\t\t<\/div>\n\t\t\t\t<\/div>\n\t\t\t\t<div class=\"elementor-element elementor-element-7f0d945 elementor-align-center elementor-widget elementor-widget-button\" data-id=\"7f0d945\" data-element_type=\"widget\" data-widget_type=\"button.default\">\n\t\t\t\t<div class=\"elementor-widget-container\">\n\t\t\t\t\t<div class=\"elementor-button-wrapper\">\n\t\t\t<a href=\"https:\/\/api.whatsapp.com\/send?phone=5535988765337\" target=\"_blank\" class=\"elementor-button-link elementor-button elementor-size-sm\" role=\"button\">\n\t\t\t\t\t\t<span class=\"elementor-button-content-wrapper\">\n\t\t\t\t\t\t\t<span class=\"elementor-button-icon elementor-align-icon-left\">\n\t\t\t\t<i aria-hidden=\"true\" class=\" icomoon-the7-font-whatsapp\"><\/i>\t\t\t<\/span>\n\t\t\t\t\t\t<span class=\"elementor-button-text\">INICIAR COTA\u00c7\u00c3O VIA WHATSAPP<\/span>\n\t\t<\/span>\n\t\t\t\t\t<\/a>\n\t\t<\/div>\n\t\t\t\t<\/div>\n\t\t\t\t<\/div>\n\t\t\t\t\t<\/div>\n\t\t<\/div>\n\t\t\t\t\t\t\t<\/div>\n\t\t<\/section>\n\t\t\t\t\t<\/div>\n\t\t<\/div>\n\t\t\t\t\t\t\t<\/div>\n\t\t<\/section>\n\t\t\t\t\t\t\t<\/div>\n\t\t","protected":false},"excerpt":{"rendered":"<p>Transporte Rodovi\u00e1rio de Cargas O transporte rodovi\u00e1rio nacional demanda conhecimento das normas e leis, de estrutura capaz de atender com excel\u00eancia \u00e0 sua necessidade. A RODOPREMIUM conta com uma frota moderna, equipe experiente e localiza\u00e7\u00e3o estrat\u00e9gica para atender as demandas em todo territ\u00f3rio nacional. O servi\u00e7o de transporte rodovi\u00e1rio \u00e9 realizado nas modalidades LTL e&hellip;<\/p>\n","protected":false},"author":1,"featured_media":0,"parent":0,"menu_order":0,"comment_status":"closed","ping_status":"closed","template":"","meta":[],"_links":{"self":[{"href":"https:\/\/www.rodopremium.com.br\/index.php?rest_route=\/wp\/v2\/pages\/34"}],"collection":[{"href":"https:\/\/www.rodopremium.com.br\/index.php?rest_route=\/wp\/v2\/pages"}],"about":[{"href":"https:\/\/www.rodopremium.com.br\/index.php?rest_route=\/wp\/v2\/types\/page"}],"author":[{"embeddable":true,"href":"https:\/\/www.rodopremium.com.br\/index.php?rest_route=\/wp\/v2\/users\/1"}],"replies":[{"embeddable":true,"href":"https:\/\/www.rodopremium.com.br\/index.php?rest_route=%2Fwp%2Fv2%2Fcomments&post=34"}],"version-history":[{"count":33,"href":"https:\/\/www.rodopremium.com.br\/index.php?rest_route=\/wp\/v2\/pages\/34\/revisions"}],"predecessor-version":[{"id":171,"href":"https:\/\/www.rodopremium.com.br\/index.php?rest_route=\/wp\/v2\/pages\/34\/revisions\/171"}],"wp:attachment":[{"href":"https:\/\/www.rodopremium.com.br\/index.php?rest_route=%2Fwp%2Fv2%2Fmedia&parent=34"}],"curies":[{"name":"wp","href":"https:\/\/api.w.org\/{rel}","templated":true}]}}