{"id":56,"date":"2023-02-06T18:18:01","date_gmt":"2023-02-06T21:18:01","guid":{"rendered":"https:\/\/www.rodopremium.com.br\/?page_id=56"},"modified":"2023-02-09T14:19:42","modified_gmt":"2023-02-09T17:19:42","slug":"a-rodopremium","status":"publish","type":"page","link":"https:\/\/www.rodopremium.com.br\/?page_id=56","title":{"rendered":"A RodoPremium"},"content":{"rendered":"\t\t<div data-elementor-type=\"wp-page\" data-elementor-id=\"56\" class=\"elementor elementor-56\">\n\t\t\t\t\t\t\t\t\t<section class=\"elementor-section elementor-top-section elementor-element elementor-element-3a48452 elementor-section-boxed elementor-section-height-default elementor-section-height-default\" data-id=\"3a48452\" data-element_type=\"section\">\n\t\t\t\t\t\t<div class=\"elementor-container elementor-column-gap-default\">\n\t\t\t\t\t<div class=\"elementor-column elementor-col-50 elementor-top-column elementor-element elementor-element-83e6a70\" data-id=\"83e6a70\" data-element_type=\"column\">\n\t\t\t<div class=\"elementor-widget-wrap elementor-element-populated\">\n\t\t\t\t\t\t\t\t<div class=\"elementor-element elementor-element-f89f39b elementor-widget elementor-widget-heading\" data-id=\"f89f39b\" data-element_type=\"widget\" data-widget_type=\"heading.default\">\n\t\t\t\t<div class=\"elementor-widget-container\">\n\t\t\t<h2 class=\"elementor-heading-title elementor-size-default\">Experi\u00eancia e confian\u00e7a em todas as dire\u00e7\u00f5es<\/h2>\t\t<\/div>\n\t\t\t\t<\/div>\n\t\t\t\t<div class=\"elementor-element elementor-element-15723ba elementor-widget-divider--view-line elementor-widget elementor-widget-divider\" data-id=\"15723ba\" data-element_type=\"widget\" data-widget_type=\"divider.default\">\n\t\t\t\t<div class=\"elementor-widget-container\">\n\t\t\t\t\t<div class=\"elementor-divider\">\n\t\t\t<span class=\"elementor-divider-separator\">\n\t\t\t\t\t\t<\/span>\n\t\t<\/div>\n\t\t\t\t<\/div>\n\t\t\t\t<\/div>\n\t\t\t\t\t<\/div>\n\t\t<\/div>\n\t\t\t\t<div class=\"elementor-column elementor-col-50 elementor-top-column elementor-element elementor-element-70acd63\" data-id=\"70acd63\" data-element_type=\"column\">\n\t\t\t<div class=\"elementor-widget-wrap elementor-element-populated\">\n\t\t\t\t\t\t\t\t<div class=\"elementor-element elementor-element-5e42527 elementor-widget elementor-widget-text-editor\" data-id=\"5e42527\" data-element_type=\"widget\" data-widget_type=\"text-editor.default\">\n\t\t\t\t<div class=\"elementor-widget-container\">\n\t\t\t\t\t\t\t<p>A RODOPREMIUM est\u00e1 h\u00e1 mais de dez anos no mercado nacional transportando solu\u00e7\u00f5es log\u00edsticas. Com a convic\u00e7\u00e3o que fazemos parte de uma cadeia produtiva onde realizamos um trabalho eficiente na busca constante da excel\u00eancia em todos os processos do transporte rodovi\u00e1rio de cargas.<\/p><p>Priorizamos as rela\u00e7\u00f5es com nossos clientes, parceiros e colaboradores. Agregamos diferenciais competitivos, experi\u00eancia e seguran\u00e7a em todos os nossos servi\u00e7os.<\/p>\t\t\t\t\t\t<\/div>\n\t\t\t\t<\/div>\n\t\t\t\t\t<\/div>\n\t\t<\/div>\n\t\t\t\t\t\t\t<\/div>\n\t\t<\/section>\n\t\t\t\t<section class=\"elementor-section elementor-top-section elementor-element elementor-element-2eb5a86 elementor-section-stretched elementor-section-boxed elementor-section-height-default elementor-section-height-default\" data-id=\"2eb5a86\" data-element_type=\"section\" data-settings=\"{&quot;stretch_section&quot;:&quot;section-stretched&quot;,&quot;background_background&quot;:&quot;classic&quot;}\">\n\t\t\t\t\t\t<div class=\"elementor-container elementor-column-gap-default\">\n\t\t\t\t\t<div class=\"elementor-column elementor-col-33 elementor-top-column elementor-element elementor-element-a601893\" data-id=\"a601893\" data-element_type=\"column\">\n\t\t\t<div class=\"elementor-widget-wrap elementor-element-populated\">\n\t\t\t\t\t\t\t\t<div class=\"elementor-element elementor-element-4a8beb2 content-align-center icon-box-vertical-align-center icon-position-top icon-vertical-align-center elementor-widget elementor-widget-the7_icon_box_widget\" data-id=\"4a8beb2\" data-element_type=\"widget\" data-widget_type=\"the7_icon_box_widget.default\">\n\t\t\t\t<div class=\"elementor-widget-container\">\n\t\t\t\n\t\t<div class=\"the7-box-wrapper the7-elementor-widget the7_icon_box_widget-4a8beb2\">\t\t\t<div class=\"box-content-wrapper\">\n\t\t\t\t\t\t\t\t\t<a class=\"elementor-icon-div\" >\t\t\t\t\t\t<div class=\"elementor-icon\">\n\t\t\t\t\t\t\t<i aria-hidden=\"true\" class=\" icomoon-the7-font-the7-clock-01\"><\/i>\t\t\t\t\t\t<\/div>\n\t\t\t\t\t<\/a>\t\t\t\t\t\t\t\t<div class=\"box-content\">\n\t\t\t\t\t\t\t\t\t\t\t\t\t\t\t\t\t<h4 class=\"box-heading\">\n\t\t\t\t\t\t\t<a >\t\t\t\t\t\t\t\tOtimiza\u00e7\u00e3o de tempo e custos reduzido\t\t\t\t\t\t\t<\/a>\t\t\t\t\t\t<\/h4>\n\t\t\t\t\t\t\t\t\t\t\n\t\t\t\t\t\n\t\t\t\t<\/div>\n\t\t\t<\/div>\n\t\t<\/div>\t\t\t<\/div>\n\t\t\t\t<\/div>\n\t\t\t\t\t<\/div>\n\t\t<\/div>\n\t\t\t\t<div class=\"elementor-column elementor-col-33 elementor-top-column elementor-element elementor-element-f545a31\" data-id=\"f545a31\" data-element_type=\"column\">\n\t\t\t<div class=\"elementor-widget-wrap elementor-element-populated\">\n\t\t\t\t\t\t\t\t<div class=\"elementor-element elementor-element-e730a9b content-align-center icon-box-vertical-align-center icon-position-top icon-vertical-align-center elementor-widget elementor-widget-the7_icon_box_widget\" data-id=\"e730a9b\" data-element_type=\"widget\" data-widget_type=\"the7_icon_box_widget.default\">\n\t\t\t\t<div class=\"elementor-widget-container\">\n\t\t\t\n\t\t<div class=\"the7-box-wrapper the7-elementor-widget the7_icon_box_widget-e730a9b\">\t\t\t<div class=\"box-content-wrapper\">\n\t\t\t\t\t\t\t\t\t<a class=\"elementor-icon-div\" >\t\t\t\t\t\t<div class=\"elementor-icon\">\n\t\t\t\t\t\t\t<i aria-hidden=\"true\" class=\"far fa-calendar-check\"><\/i>\t\t\t\t\t\t<\/div>\n\t\t\t\t\t<\/a>\t\t\t\t\t\t\t\t<div class=\"box-content\">\n\t\t\t\t\t\t\t\t\t\t\t\t\t\t\t\t\t<h4 class=\"box-heading\">\n\t\t\t\t\t\t\t<a >\t\t\t\t\t\t\t\tEntrega da carga programada e roterizada\t\t\t\t\t\t\t<\/a>\t\t\t\t\t\t<\/h4>\n\t\t\t\t\t\t\t\t\t\t\n\t\t\t\t\t\n\t\t\t\t<\/div>\n\t\t\t<\/div>\n\t\t<\/div>\t\t\t<\/div>\n\t\t\t\t<\/div>\n\t\t\t\t\t<\/div>\n\t\t<\/div>\n\t\t\t\t<div class=\"elementor-column elementor-col-33 elementor-top-column elementor-element elementor-element-2f9c249\" data-id=\"2f9c249\" data-element_type=\"column\">\n\t\t\t<div class=\"elementor-widget-wrap elementor-element-populated\">\n\t\t\t\t\t\t\t\t<div class=\"elementor-element elementor-element-e29b704 content-align-center icon-box-vertical-align-center icon-position-top icon-vertical-align-center elementor-widget elementor-widget-the7_icon_box_widget\" data-id=\"e29b704\" data-element_type=\"widget\" data-widget_type=\"the7_icon_box_widget.default\">\n\t\t\t\t<div class=\"elementor-widget-container\">\n\t\t\t\n\t\t<div class=\"the7-box-wrapper the7-elementor-widget the7_icon_box_widget-e29b704\">\t\t\t<div class=\"box-content-wrapper\">\n\t\t\t\t\t\t\t\t\t<a class=\"elementor-icon-div\" >\t\t\t\t\t\t<div class=\"elementor-icon\">\n\t\t\t\t\t\t\t<i aria-hidden=\"true\" class=\"far fa-star\"><\/i>\t\t\t\t\t\t<\/div>\n\t\t\t\t\t<\/a>\t\t\t\t\t\t\t\t<div class=\"box-content\">\n\t\t\t\t\t\t\t\t\t\t\t\t\t\t\t\t\t<h4 class=\"box-heading\">\n\t\t\t\t\t\t\t<a >\t\t\t\t\t\t\t\tAtendimento personalizado para cada necessidade\t\t\t\t\t\t\t<\/a>\t\t\t\t\t\t<\/h4>\n\t\t\t\t\t\t\t\t\t\t\n\t\t\t\t\t\n\t\t\t\t<\/div>\n\t\t\t<\/div>\n\t\t<\/div>\t\t\t<\/div>\n\t\t\t\t<\/div>\n\t\t\t\t\t<\/div>\n\t\t<\/div>\n\t\t\t\t\t\t\t<\/div>\n\t\t<\/section>\n\t\t\t\t<section class=\"elementor-section elementor-top-section elementor-element elementor-element-9c33c3f elementor-section-boxed elementor-section-height-default elementor-section-height-default\" data-id=\"9c33c3f\" data-element_type=\"section\">\n\t\t\t\t\t\t<div class=\"elementor-container elementor-column-gap-default\">\n\t\t\t\t\t<div class=\"elementor-column elementor-col-100 elementor-top-column elementor-element elementor-element-be7d8e7\" data-id=\"be7d8e7\" data-element_type=\"column\">\n\t\t\t<div class=\"elementor-widget-wrap elementor-element-populated\">\n\t\t\t\t\t\t\t\t<div class=\"elementor-element elementor-element-72d08a9 elementor-widget elementor-widget-image-gallery\" data-id=\"72d08a9\" data-element_type=\"widget\" data-widget_type=\"image-gallery.default\">\n\t\t\t\t<div class=\"elementor-widget-container\">\n\t\t\t\t\t<div class=\"elementor-image-gallery\">\n\t\t\t\n\t\t\t<style type='text\/css'>\n\t\t\t\t#gallery-1 {\n\t\t\t\t\tmargin: auto;\n\t\t\t\t}\n\t\t\t\t#gallery-1 .gallery-item {\n\t\t\t\t\tfloat: left;\n\t\t\t\t\tmargin-top: 10px;\n\t\t\t\t\ttext-align: center;\n\t\t\t\t\twidth: 50%;\n\t\t\t\t}\n\t\t\t\t#gallery-1 img {\n\t\t\t\t\tborder: 2px solid #cfcfcf;\n\t\t\t\t}\n\t\t\t\t#gallery-1 .gallery-caption {\n\t\t\t\t\tmargin-left: 0;\n\t\t\t\t}\n\t\t\t\t\/* see gallery_shortcode() in wp-includes\/media.php *\/\n\t\t\t<\/style>\n\t\t<div id='gallery-1' class='dt-gallery-container gallery galleryid-56 gallery-columns-2 gallery-size-medium_large'><dl class='gallery-item'>\n\t\t\t\t<dt class='gallery-icon landscape'>\n\t\t\t\t\t<a class=\"rollover rollover-zoom\" title=\"\"data-elementor-open-lightbox=\"yes\" data-elementor-lightbox-slideshow=\"72d08a9\" data-elementor-lightbox-title=\"foto-rodopremium01\" e-action-hash=\"#elementor-action%3Aaction%3Dlightbox%26settings%3DeyJpZCI6NTksInVybCI6Imh0dHBzOlwvXC93d3cucm9kb3ByZW1pdW0uY29tLmJyXC93cC1jb250ZW50XC91cGxvYWRzXC8yMDIzXC8wMlwvZm90by1yb2RvcHJlbWl1bTAxLmpwZyIsInNsaWRlc2hvdyI6IjcyZDA4YTkifQ%3D%3D\" href='https:\/\/www.rodopremium.com.br\/wp-content\/uploads\/2023\/02\/foto-rodopremium01.jpg'><img width=\"768\" height=\"683\" src=\"https:\/\/www.rodopremium.com.br\/wp-content\/uploads\/2023\/02\/foto-rodopremium01-768x683.jpg\" class=\"attachment-medium_large size-medium_large\" alt=\"\" decoding=\"async\" loading=\"lazy\" srcset=\"https:\/\/www.rodopremium.com.br\/wp-content\/uploads\/2023\/02\/foto-rodopremium01-768x683.jpg 768w, https:\/\/www.rodopremium.com.br\/wp-content\/uploads\/2023\/02\/foto-rodopremium01-300x267.jpg 300w, https:\/\/www.rodopremium.com.br\/wp-content\/uploads\/2023\/02\/foto-rodopremium01.jpg 900w\" sizes=\"(max-width: 768px) 100vw, 768px\" \/><\/a>\n\t\t\t\t<\/dt><\/dl><dl class='gallery-item'>\n\t\t\t\t<dt class='gallery-icon landscape'>\n\t\t\t\t\t<a class=\"rollover rollover-zoom\" title=\"\"data-elementor-open-lightbox=\"yes\" data-elementor-lightbox-slideshow=\"72d08a9\" data-elementor-lightbox-title=\"foto-rodopremium02\" e-action-hash=\"#elementor-action%3Aaction%3Dlightbox%26settings%3DeyJpZCI6NjAsInVybCI6Imh0dHBzOlwvXC93d3cucm9kb3ByZW1pdW0uY29tLmJyXC93cC1jb250ZW50XC91cGxvYWRzXC8yMDIzXC8wMlwvZm90by1yb2RvcHJlbWl1bTAyLmpwZyIsInNsaWRlc2hvdyI6IjcyZDA4YTkifQ%3D%3D\" href='https:\/\/www.rodopremium.com.br\/wp-content\/uploads\/2023\/02\/foto-rodopremium02.jpg'><img width=\"768\" height=\"683\" src=\"https:\/\/www.rodopremium.com.br\/wp-content\/uploads\/2023\/02\/foto-rodopremium02-768x683.jpg\" class=\"attachment-medium_large size-medium_large\" alt=\"\" decoding=\"async\" loading=\"lazy\" srcset=\"https:\/\/www.rodopremium.com.br\/wp-content\/uploads\/2023\/02\/foto-rodopremium02-768x683.jpg 768w, https:\/\/www.rodopremium.com.br\/wp-content\/uploads\/2023\/02\/foto-rodopremium02-300x267.jpg 300w, https:\/\/www.rodopremium.com.br\/wp-content\/uploads\/2023\/02\/foto-rodopremium02.jpg 900w\" sizes=\"(max-width: 768px) 100vw, 768px\" \/><\/a>\n\t\t\t\t<\/dt><\/dl><br style=\"clear: both\" \/><dl class='gallery-item'>\n\t\t\t\t<dt class='gallery-icon landscape'>\n\t\t\t\t\t<a class=\"rollover rollover-zoom\" title=\"\"data-elementor-open-lightbox=\"yes\" data-elementor-lightbox-slideshow=\"72d08a9\" data-elementor-lightbox-title=\"foto-rodopremium03\" e-action-hash=\"#elementor-action%3Aaction%3Dlightbox%26settings%3DeyJpZCI6NjEsInVybCI6Imh0dHBzOlwvXC93d3cucm9kb3ByZW1pdW0uY29tLmJyXC93cC1jb250ZW50XC91cGxvYWRzXC8yMDIzXC8wMlwvZm90by1yb2RvcHJlbWl1bTAzLmpwZyIsInNsaWRlc2hvdyI6IjcyZDA4YTkifQ%3D%3D\" href='https:\/\/www.rodopremium.com.br\/wp-content\/uploads\/2023\/02\/foto-rodopremium03.jpg'><img width=\"768\" height=\"683\" src=\"https:\/\/www.rodopremium.com.br\/wp-content\/uploads\/2023\/02\/foto-rodopremium03-768x683.jpg\" class=\"attachment-medium_large size-medium_large\" alt=\"\" decoding=\"async\" loading=\"lazy\" srcset=\"https:\/\/www.rodopremium.com.br\/wp-content\/uploads\/2023\/02\/foto-rodopremium03-768x683.jpg 768w, https:\/\/www.rodopremium.com.br\/wp-content\/uploads\/2023\/02\/foto-rodopremium03-300x267.jpg 300w, https:\/\/www.rodopremium.com.br\/wp-content\/uploads\/2023\/02\/foto-rodopremium03.jpg 900w\" sizes=\"(max-width: 768px) 100vw, 768px\" \/><\/a>\n\t\t\t\t<\/dt><\/dl><dl class='gallery-item'>\n\t\t\t\t<dt class='gallery-icon landscape'>\n\t\t\t\t\t<a class=\"rollover rollover-zoom\" title=\"\"data-elementor-open-lightbox=\"yes\" data-elementor-lightbox-slideshow=\"72d08a9\" data-elementor-lightbox-title=\"foto-rodopremium04\" e-action-hash=\"#elementor-action%3Aaction%3Dlightbox%26settings%3DeyJpZCI6NjIsInVybCI6Imh0dHBzOlwvXC93d3cucm9kb3ByZW1pdW0uY29tLmJyXC93cC1jb250ZW50XC91cGxvYWRzXC8yMDIzXC8wMlwvZm90by1yb2RvcHJlbWl1bTA0LmpwZyIsInNsaWRlc2hvdyI6IjcyZDA4YTkifQ%3D%3D\" href='https:\/\/www.rodopremium.com.br\/wp-content\/uploads\/2023\/02\/foto-rodopremium04.jpg'><img width=\"768\" height=\"683\" src=\"https:\/\/www.rodopremium.com.br\/wp-content\/uploads\/2023\/02\/foto-rodopremium04-768x683.jpg\" class=\"attachment-medium_large size-medium_large\" alt=\"\" decoding=\"async\" loading=\"lazy\" srcset=\"https:\/\/www.rodopremium.com.br\/wp-content\/uploads\/2023\/02\/foto-rodopremium04-768x683.jpg 768w, https:\/\/www.rodopremium.com.br\/wp-content\/uploads\/2023\/02\/foto-rodopremium04-300x267.jpg 300w, https:\/\/www.rodopremium.com.br\/wp-content\/uploads\/2023\/02\/foto-rodopremium04.jpg 900w\" sizes=\"(max-width: 768px) 100vw, 768px\" \/><\/a>\n\t\t\t\t<\/dt><\/dl><br style=\"clear: both\" \/>\n\t\t\t<\/div>\n\t\t<\/div>\n\t\t\t\t<\/div>\n\t\t\t\t<\/div>\n\t\t\t\t\t<\/div>\n\t\t<\/div>\n\t\t\t\t\t\t\t<\/div>\n\t\t<\/section>\n\t\t\t\t\t\t\t<\/div>\n\t\t","protected":false},"excerpt":{"rendered":"<p>Experi\u00eancia e confian\u00e7a em todas as dire\u00e7\u00f5es A RODOPREMIUM est\u00e1 h\u00e1 mais de dez anos no mercado nacional transportando solu\u00e7\u00f5es log\u00edsticas. Com a convic\u00e7\u00e3o que fazemos parte de uma cadeia produtiva onde realizamos um trabalho eficiente na busca constante da excel\u00eancia em todos os processos do transporte rodovi\u00e1rio de cargas. Priorizamos as rela\u00e7\u00f5es com nossos&hellip;<\/p>\n","protected":false},"author":1,"featured_media":0,"parent":0,"menu_order":0,"comment_status":"closed","ping_status":"closed","template":"","meta":[],"_links":{"self":[{"href":"https:\/\/www.rodopremium.com.br\/index.php?rest_route=\/wp\/v2\/pages\/56"}],"collection":[{"href":"https:\/\/www.rodopremium.com.br\/index.php?rest_route=\/wp\/v2\/pages"}],"about":[{"href":"https:\/\/www.rodopremium.com.br\/index.php?rest_route=\/wp\/v2\/types\/page"}],"author":[{"embeddable":true,"href":"https:\/\/www.rodopremium.com.br\/index.php?rest_route=\/wp\/v2\/users\/1"}],"replies":[{"embeddable":true,"href":"https:\/\/www.rodopremium.com.br\/index.php?rest_route=%2Fwp%2Fv2%2Fcomments&post=56"}],"version-history":[{"count":7,"href":"https:\/\/www.rodopremium.com.br\/index.php?rest_route=\/wp\/v2\/pages\/56\/revisions"}],"predecessor-version":[{"id":135,"href":"https:\/\/www.rodopremium.com.br\/index.php?rest_route=\/wp\/v2\/pages\/56\/revisions\/135"}],"wp:attachment":[{"href":"https:\/\/www.rodopremium.com.br\/index.php?rest_route=%2Fwp%2Fv2%2Fmedia&parent=56"}],"curies":[{"name":"wp","href":"https:\/\/api.w.org\/{rel}","templated":true}]}}